{"id":812,"date":"2025-12-08T12:04:14","date_gmt":"2025-12-08T12:04:14","guid":{"rendered":"http:\/\/yvirfeh.cluster100.hosting.ovh.net\/plombierZone\/?page_id=812"},"modified":"2025-12-14T13:45:29","modified_gmt":"2025-12-14T13:45:29","slug":"mentions-legales-plombier-zone-service-pro","status":"publish","type":"page","link":"https:\/\/plombier-zone.fr\/index.php\/mentions-legales-plombier-zone-service-pro\/","title":{"rendered":"Mentions l\u00e9gales &#8211; Service pro"},"content":{"rendered":"\t\t<div data-elementor-type=\"wp-page\" data-elementor-id=\"812\" class=\"elementor elementor-812\">\n\t\t\t\t<div class=\"elementor-element elementor-element-1c14530 e-flex e-con-boxed e-con e-parent\" data-id=\"1c14530\" data-element_type=\"container\" data-e-type=\"container\" data-settings=\"{&quot;background_background&quot;:&quot;classic&quot;}\">\n\t\t\t\t\t<div class=\"e-con-inner\">\n\t\t\t\t<div class=\"elementor-element elementor-element-ce67485 elementor-align-right animated-fast elementor-invisible elementor-widget elementor-widget-button\" data-id=\"ce67485\" data-element_type=\"widget\" data-e-type=\"widget\" data-settings=\"{&quot;_animation&quot;:&quot;bounceInRight&quot;}\" data-widget_type=\"button.default\">\n\t\t\t\t\t\t\t\t\t\t<a class=\"elementor-button elementor-button-link elementor-size-sm\" href=\"https:\/\/plombier-zone.fr\">\n\t\t\t\t\t\t<span class=\"elementor-button-content-wrapper\">\n\t\t\t\t\t\t\t\t\t<span class=\"elementor-button-text\">REVENIR AU SITE<\/span>\n\t\t\t\t\t<\/span>\n\t\t\t\t\t<\/a>\n\t\t\t\t\t\t\t\t<\/div>\n\t\t\t\t\t<\/div>\n\t\t\t\t<\/div>\n\t\t<div class=\"elementor-element elementor-element-78b261e e-flex e-con-boxed e-con e-parent\" data-id=\"78b261e\" data-element_type=\"container\" data-e-type=\"container\" data-settings=\"{&quot;background_background&quot;:&quot;classic&quot;}\">\n\t\t\t\t\t<div class=\"e-con-inner\">\n\t\t\t\t<div class=\"elementor-element elementor-element-3970232 elementor-invisible elementor-widget elementor-widget-image\" data-id=\"3970232\" data-element_type=\"widget\" data-e-type=\"widget\" data-settings=\"{&quot;_animation&quot;:&quot;fadeInDown&quot;}\" data-widget_type=\"image.default\">\n\t\t\t\t\t\t\t\t\t\t\t\t\t\t\t<img fetchpriority=\"high\" decoding=\"async\" width=\"500\" height=\"500\" src=\"https:\/\/plombier-zone.fr\/wp-content\/uploads\/2025\/12\/PLOMBIERZONE.png\" class=\"attachment-large size-large wp-image-594\" alt=\"Plombier Rouen et alentours \u2013 Intervention 24h\/7 | Plombier Zone\" srcset=\"https:\/\/plombier-zone.fr\/wp-content\/uploads\/2025\/12\/PLOMBIERZONE.png 500w, https:\/\/plombier-zone.fr\/wp-content\/uploads\/2025\/12\/PLOMBIERZONE-300x300.png 300w, https:\/\/plombier-zone.fr\/wp-content\/uploads\/2025\/12\/PLOMBIERZONE-150x150.png 150w\" sizes=\"(max-width: 500px) 100vw, 500px\" \/>\t\t\t\t\t\t\t\t\t\t\t\t\t\t\t<\/div>\n\t\t\t\t\t<\/div>\n\t\t\t\t<\/div>\n\t\t<div class=\"elementor-element elementor-element-25c7f0f e-flex e-con-boxed e-con e-parent\" data-id=\"25c7f0f\" data-element_type=\"container\" data-e-type=\"container\" data-settings=\"{&quot;background_background&quot;:&quot;classic&quot;}\">\n\t\t\t\t\t<div class=\"e-con-inner\">\n\t\t\t\t<div class=\"elementor-element elementor-element-d336def elementor-invisible elementor-widget elementor-widget-heading\" data-id=\"d336def\" data-element_type=\"widget\" data-e-type=\"widget\" data-settings=\"{&quot;_animation&quot;:&quot;fadeInDown&quot;}\" data-widget_type=\"heading.default\">\n\t\t\t\t\t<h2 class=\"elementor-heading-title elementor-size-default\"><a href=\"https:\/\/www.societe.com\/societe\/service-pro-987951613.html\">Mentions l\u00e9gales - <u>Plombier Zone (Service pro)<\/u><\/a><\/h2>\t\t\t\t<\/div>\n\t\t\t\t\t<\/div>\n\t\t\t\t<\/div>\n\t\t<div class=\"elementor-element elementor-element-9f8cda4 e-flex e-con-boxed e-con e-parent\" data-id=\"9f8cda4\" data-element_type=\"container\" data-e-type=\"container\" data-settings=\"{&quot;background_background&quot;:&quot;classic&quot;}\">\n\t\t\t\t\t<div class=\"e-con-inner\">\n\t\t\t\t<div class=\"elementor-element elementor-element-0d6a90f elementor-widget elementor-widget-spacer\" data-id=\"0d6a90f\" data-element_type=\"widget\" data-e-type=\"widget\" data-widget_type=\"spacer.default\">\n\t\t\t\t\t\t\t<div class=\"elementor-spacer\">\n\t\t\t<div class=\"elementor-spacer-inner\"><\/div>\n\t\t<\/div>\n\t\t\t\t\t\t<\/div>\n\t\t\t\t<div class=\"elementor-element elementor-element-b5c8fae elementor-invisible elementor-widget elementor-widget-text-editor\" data-id=\"b5c8fae\" data-element_type=\"widget\" data-e-type=\"widget\" data-settings=\"{&quot;_animation&quot;:&quot;fadeInUp&quot;}\" data-widget_type=\"text-editor.default\">\n\t\t\t\t\t\t\t\t\t<h6><strong data-start=\"281\" data-end=\"300\">\u00c9diteur du site<br \/><\/strong>Raison sociale : <strong data-start=\"320\" data-end=\"335\"><a href=\"https:\/\/www.societe.com\/societe\/service-pro-987951613.html\"><u>SERVICE PRO<\/u><br \/><\/a><\/strong>Forme juridique : <strong data-start=\"394\" data-end=\"402\">SASU<br \/><\/strong>SIREN : <strong data-start=\"451\" data-end=\"466\">987 951 613<br \/><\/strong>SIRET (si\u00e8ge social) : <strong data-start=\"530\" data-end=\"551\">987 951 613 00015<br \/><\/strong>Adresse du si\u00e8ge social : <strong data-start=\"618\" data-end=\"664\">20 rue du Vert Logis, 95870 Bezons, France<br \/><\/strong>Pr\u00e9sident : <strong data-start=\"717\" data-end=\"740\">M. Sofiane BA\u00cfROUKI<br \/><\/strong>Capital social : <strong data-start=\"798\" data-end=\"807\">100 \u20ac<br \/><\/strong>H\u00e9bergement du site<\/h6><h6>Le site est h\u00e9berg\u00e9 par OVHcloud.<\/h6><h4><b>Propri\u00e9t\u00e9 intellectuelle<\/b><\/h4><h6>Tous les \u00e9l\u00e9ments du site : textes, images, logos, graphismes, mise en page sont la propri\u00e9t\u00e9 de SERVICE PRO. Toute reproduction, distribution, modification ou exploitation sans l\u2019accord \u00e9crit pr\u00e9alable est interdite.<\/h6><h4><b>Activit\u00e9 \/ Services propos\u00e9s<\/b><\/h4><h6><a href=\"https:\/\/www.societe.com\/societe\/service-pro-987951613.html\"><b><u>SERVICE PRO<\/u><\/b><\/a> propose des services de d\u00e9pannage et plomberie, selon les prestations d\u00e9finies sur le site.<\/h6><h4><b>Responsabilit\u00e9<\/b><\/h4><h6><a href=\"https:\/\/www.societe.com\/societe\/service-pro-987951613.html\"><b><u>SERVICE PRO<\/u><\/b><\/a> s\u2019efforce de fournir des informations \u00e0 jour. N\u00e9anmoins, il ne peut garantir l\u2019absence d\u2019erreurs. Le site peut contenir des liens vers d\u2019autres sites. <b><u><a href=\"https:\/\/www.societe.com\/societe\/service-pro-987951613.html\">SERVICE PRO<\/a><\/u><\/b> d\u00e9cline toute responsabilit\u00e9 quant au contenu de ces sites externes.<\/h6><h4><b>Protection des donn\u00e9es personnelles<\/b><\/h4><h6>Les informations recueillies via les formulaires (nom, t\u00e9l\u00e9phone, message) servent uniquement \u00e0 traiter les demandes de contact et devis. Elles ne sont pas c\u00e9d\u00e9es \u00e0 des tiers.<br \/>Conform\u00e9ment au RGPD, toute personne dispose d\u2019un droit d\u2019acc\u00e8s, de rectification et de suppression des donn\u00e9es la concernant. Pour exercer ce droit, contactez SERVICE PRO \u00e0 l\u2019adresse mail professionnelle (contact@plombier-zone.fr)) ou par courrier \u00e0 l\u2019adresse du si\u00e8ge.<\/h6><h4><b>Cookies &amp; suivi<\/b><\/h4><h6>Le site peut utiliser des cookies techniques indispensables au bon fonctionnement, et des outils d\u2019analyse (ex : Google Analytics \/ Tag Manager) pour am\u00e9liorer l\u2019exp\u00e9rience utilisateur. Vous pouvez d\u00e9sactiver les cookies via les param\u00e8tres de votre navigateur.<\/h6><h4><b>Contact<\/b><\/h4><h6>Pour toute question, contactez <b><u><a href=\"https:\/\/www.societe.com\/societe\/service-pro-987951613.html\">SERVICE PRO<\/a><\/u><\/b> :<br \/>Adresse : 20 rue du Vert Logis, 95870 Bezons, France<br \/>T\u00e9l\u00e9phone : 06 21 17 47 90<br \/>Email : contact@plombier-zone.fr<\/h6><p data-start=\"2558\" data-end=\"2612\"><strong data-start=\"2558\" data-end=\"2605\">Derni\u00e8re mise \u00e0 jour des mentions l\u00e9gales :<\/strong> 08\/12\/2025<\/p>\t\t\t\t\t\t\t\t<\/div>\n\t\t\t\t\t<\/div>\n\t\t\t\t<\/div>\n\t\t<div class=\"elementor-element elementor-element-03d10b1 e-flex e-con-boxed e-con e-parent\" data-id=\"03d10b1\" data-element_type=\"container\" data-e-type=\"container\" data-settings=\"{&quot;background_background&quot;:&quot;classic&quot;}\">\n\t\t\t\t\t<div class=\"e-con-inner\">\n\t\t\t\t<div class=\"elementor-element elementor-element-b77086e elementor-align-center elementor-invisible elementor-widget elementor-widget-button\" data-id=\"b77086e\" data-element_type=\"widget\" data-e-type=\"widget\" data-settings=\"{&quot;_animation&quot;:&quot;bounceInUp&quot;}\" data-widget_type=\"button.default\">\n\t\t\t\t\t\t\t\t\t\t<a class=\"elementor-button elementor-button-link elementor-size-sm\" href=\"https:\/\/plombier-zone.fr\">\n\t\t\t\t\t\t<span class=\"elementor-button-content-wrapper\">\n\t\t\t\t\t\t\t\t\t<span class=\"elementor-button-text\">REVENIR AU SITE<\/span>\n\t\t\t\t\t<\/span>\n\t\t\t\t\t<\/a>\n\t\t\t\t\t\t\t\t<\/div>\n\t\t\t\t\t<\/div>\n\t\t\t\t<\/div>\n\t\t\t\t<\/div>\n\t\t","protected":false},"excerpt":{"rendered":"<p>REVENIR AU SITE Mentions l\u00e9gales &#8211; Plombier Zone (Service pro) \u00c9diteur du siteRaison sociale : SERVICE PROForme juridique : SASUSIREN : 987 951 613SIRET (si\u00e8ge social) : 987 951 613 00015Adresse du si\u00e8ge social : 20 rue du Vert Logis, 95870 Bezons, FrancePr\u00e9sident : M. Sofiane BA\u00cfROUKICapital social : 100 \u20acH\u00e9bergement du site Le site [&hellip;]<\/p>\n","protected":false},"author":1,"featured_media":0,"parent":0,"menu_order":0,"comment_status":"closed","ping_status":"closed","template":"","meta":{"footnotes":""},"class_list":["post-812","page","type-page","status-publish","hentry"],"yoast_head":"<!-- This site is optimized with the Yoast SEO Premium plugin v26.6 (Yoast SEO v26.6) - https:\/\/yoast.com\/wordpress\/plugins\/seo\/ -->\n<title>Mentions L\u00e9gales \u2013 Plombier Zone | Informations L\u00e9gales du Site<\/title>\n<meta name=\"description\" content=\"Mentions l\u00e9gales de Plombier Zone - Service Pro (Plombier en urgence \u00e0 Rouen) : informations sur l\u2019\u00e9diteur, responsabilit\u00e9s...\" \/>\n<meta name=\"robots\" content=\"index, follow, max-snippet:-1, max-image-preview:large, max-video-preview:-1\" \/>\n<link rel=\"canonical\" href=\"https:\/\/plombier-zone.fr\/index.php\/mentions-legales-plombier-zone-service-pro\/\" \/>\n<meta property=\"og:locale\" content=\"fr_FR\" \/>\n<meta property=\"og:type\" content=\"article\" \/>\n<meta property=\"og:title\" content=\"Plombier Rouen &amp; alentours \u2013 Intervention 24h\/7 | Plombier Zone\" \/>\n<meta property=\"og:description\" content=\"Plombier \u00e0 Rouen et alentours, disponible 24h\/24 et 7j\/7. Fuite d\u2019eau, d\u00e9bouchage, d\u00e9pannage urgent. Devis gratuit.\" \/>\n<meta property=\"og:url\" content=\"https:\/\/plombier-zone.fr\/index.php\/mentions-legales-plombier-zone-service-pro\/\" \/>\n<meta property=\"og:site_name\" content=\"Plombier Zone\" \/>\n<meta property=\"article:modified_time\" content=\"2025-12-14T13:45:29+00:00\" \/>\n<meta property=\"og:image\" content=\"http:\/\/plombier-zone.fr\/wp-content\/uploads\/2025\/12\/PLOMBIERZONE.png\" \/>\n<meta name=\"twitter:card\" content=\"summary_large_image\" \/>\n<meta name=\"twitter:label1\" content=\"Dur\u00e9e de lecture estim\u00e9e\" \/>\n\t<meta name=\"twitter:data1\" content=\"2 minutes\" \/>\n<script type=\"application\/ld+json\" class=\"yoast-schema-graph\">{\"@context\":\"https:\/\/schema.org\",\"@graph\":[{\"@type\":\"WebPage\",\"@id\":\"https:\/\/plombier-zone.fr\/index.php\/mentions-legales-plombier-zone-service-pro\/\",\"url\":\"https:\/\/plombier-zone.fr\/index.php\/mentions-legales-plombier-zone-service-pro\/\",\"name\":\"Mentions L\u00e9gales \u2013 Plombier Zone | Informations L\u00e9gales du Site\",\"isPartOf\":{\"@id\":\"https:\/\/plombier-zone.fr\/#website\"},\"primaryImageOfPage\":{\"@id\":\"https:\/\/plombier-zone.fr\/index.php\/mentions-legales-plombier-zone-service-pro\/#primaryimage\"},\"image\":{\"@id\":\"https:\/\/plombier-zone.fr\/index.php\/mentions-legales-plombier-zone-service-pro\/#primaryimage\"},\"thumbnailUrl\":\"http:\/\/plombier-zone.fr\/wp-content\/uploads\/2025\/12\/PLOMBIERZONE.png\",\"datePublished\":\"2025-12-08T12:04:14+00:00\",\"dateModified\":\"2025-12-14T13:45:29+00:00\",\"description\":\"Mentions l\u00e9gales de Plombier Zone - Service Pro (Plombier en urgence \u00e0 Rouen) : informations sur l\u2019\u00e9diteur, responsabilit\u00e9s...\",\"breadcrumb\":{\"@id\":\"https:\/\/plombier-zone.fr\/index.php\/mentions-legales-plombier-zone-service-pro\/#breadcrumb\"},\"inLanguage\":\"fr-FR\",\"potentialAction\":[{\"@type\":\"ReadAction\",\"target\":[\"https:\/\/plombier-zone.fr\/index.php\/mentions-legales-plombier-zone-service-pro\/\"]}]},{\"@type\":\"ImageObject\",\"inLanguage\":\"fr-FR\",\"@id\":\"https:\/\/plombier-zone.fr\/index.php\/mentions-legales-plombier-zone-service-pro\/#primaryimage\",\"url\":\"https:\/\/plombier-zone.fr\/wp-content\/uploads\/2025\/12\/PLOMBIERZONE.png\",\"contentUrl\":\"https:\/\/plombier-zone.fr\/wp-content\/uploads\/2025\/12\/PLOMBIERZONE.png\",\"width\":500,\"height\":500,\"caption\":\"Plombier Rouen et alentours, d\u00e9pannage plomberie Rouen\"},{\"@type\":\"BreadcrumbList\",\"@id\":\"https:\/\/plombier-zone.fr\/index.php\/mentions-legales-plombier-zone-service-pro\/#breadcrumb\",\"itemListElement\":[{\"@type\":\"ListItem\",\"position\":1,\"name\":\"Accueil\",\"item\":\"https:\/\/plombier-zone.fr\/\"},{\"@type\":\"ListItem\",\"position\":2,\"name\":\"Mentions l\u00e9gales &#8211; Service pro\"}]},{\"@type\":\"WebSite\",\"@id\":\"https:\/\/plombier-zone.fr\/#website\",\"url\":\"https:\/\/plombier-zone.fr\/\",\"name\":\"Plombier Zone\",\"description\":\"\",\"publisher\":{\"@id\":\"https:\/\/plombier-zone.fr\/#organization\"},\"potentialAction\":[{\"@type\":\"SearchAction\",\"target\":{\"@type\":\"EntryPoint\",\"urlTemplate\":\"https:\/\/plombier-zone.fr\/?s={search_term_string}\"},\"query-input\":{\"@type\":\"PropertyValueSpecification\",\"valueRequired\":true,\"valueName\":\"search_term_string\"}}],\"inLanguage\":\"fr-FR\"},{\"@type\":\"Organization\",\"@id\":\"https:\/\/plombier-zone.fr\/#organization\",\"name\":\"Plombier Zone\",\"alternateName\":\"Plombier Zone\",\"url\":\"https:\/\/plombier-zone.fr\/\",\"logo\":{\"@type\":\"ImageObject\",\"inLanguage\":\"fr-FR\",\"@id\":\"https:\/\/plombier-zone.fr\/#\/schema\/logo\/image\/\",\"url\":\"https:\/\/plombier-zone.fr\/wp-content\/uploads\/2025\/12\/cropped-PLOMBIERZONE.png\",\"contentUrl\":\"https:\/\/plombier-zone.fr\/wp-content\/uploads\/2025\/12\/cropped-PLOMBIERZONE.png\",\"width\":512,\"height\":512,\"caption\":\"Plombier Zone\"},\"image\":{\"@id\":\"https:\/\/plombier-zone.fr\/#\/schema\/logo\/image\/\"},\"description\":\"Votre artisan plombier de confiance \u00e0 Rouen et ses alentours, disponible 24\/7 pour tous vos besoins, d\u00e9pannage : fuite d\u2019eau, d\u00e9gorgement, d\u00e9bouchage, r\u00e9paration de canalisation, chauffe-eau, sanitaires, robinetterie et interventions d\u2019urgence. Notre \u00e9quipe intervient rapidement, avec un diagnostic clair, des tarifs transparents et un travail soign\u00e9, garanti et durable. Que ce soit pour une urgence, une r\u00e9paration, une installation ou un d\u00e9pannage, nous assurons un service professionnel et r\u00e9actif, adapt\u00e9 \u00e0 chaque situation. Intervention express, devis gratuit, artisan plombier qualifi\u00e9 et exp\u00e9riment\u00e9.\",\"email\":\"contact@plombier-zone.fr\",\"telephone\":\"06 30 18 20 39\",\"legalName\":\"SERVICE PRO\",\"vatID\":\"FR63987951613\",\"taxID\":\"98795161300015\"}]}<\/script>\n<!-- \/ Yoast SEO Premium plugin. -->","yoast_head_json":{"title":"Mentions L\u00e9gales \u2013 Plombier Zone | Informations L\u00e9gales du Site","description":"Mentions l\u00e9gales de Plombier Zone - Service Pro (Plombier en urgence \u00e0 Rouen) : informations sur l\u2019\u00e9diteur, responsabilit\u00e9s...","robots":{"index":"index","follow":"follow","max-snippet":"max-snippet:-1","max-image-preview":"max-image-preview:large","max-video-preview":"max-video-preview:-1"},"canonical":"https:\/\/plombier-zone.fr\/index.php\/mentions-legales-plombier-zone-service-pro\/","og_locale":"fr_FR","og_type":"article","og_title":"Plombier Rouen & alentours \u2013 Intervention 24h\/7 | Plombier Zone","og_description":"Plombier \u00e0 Rouen et alentours, disponible 24h\/24 et 7j\/7. Fuite d\u2019eau, d\u00e9bouchage, d\u00e9pannage urgent. Devis gratuit.","og_url":"https:\/\/plombier-zone.fr\/index.php\/mentions-legales-plombier-zone-service-pro\/","og_site_name":"Plombier Zone","article_modified_time":"2025-12-14T13:45:29+00:00","og_image":[{"url":"http:\/\/plombier-zone.fr\/wp-content\/uploads\/2025\/12\/PLOMBIERZONE.png","type":"","width":"","height":""}],"twitter_card":"summary_large_image","twitter_misc":{"Dur\u00e9e de lecture estim\u00e9e":"2 minutes"},"schema":{"@context":"https:\/\/schema.org","@graph":[{"@type":"WebPage","@id":"https:\/\/plombier-zone.fr\/index.php\/mentions-legales-plombier-zone-service-pro\/","url":"https:\/\/plombier-zone.fr\/index.php\/mentions-legales-plombier-zone-service-pro\/","name":"Mentions L\u00e9gales \u2013 Plombier Zone | Informations L\u00e9gales du Site","isPartOf":{"@id":"https:\/\/plombier-zone.fr\/#website"},"primaryImageOfPage":{"@id":"https:\/\/plombier-zone.fr\/index.php\/mentions-legales-plombier-zone-service-pro\/#primaryimage"},"image":{"@id":"https:\/\/plombier-zone.fr\/index.php\/mentions-legales-plombier-zone-service-pro\/#primaryimage"},"thumbnailUrl":"http:\/\/plombier-zone.fr\/wp-content\/uploads\/2025\/12\/PLOMBIERZONE.png","datePublished":"2025-12-08T12:04:14+00:00","dateModified":"2025-12-14T13:45:29+00:00","description":"Mentions l\u00e9gales de Plombier Zone - Service Pro (Plombier en urgence \u00e0 Rouen) : informations sur l\u2019\u00e9diteur, responsabilit\u00e9s...","breadcrumb":{"@id":"https:\/\/plombier-zone.fr\/index.php\/mentions-legales-plombier-zone-service-pro\/#breadcrumb"},"inLanguage":"fr-FR","potentialAction":[{"@type":"ReadAction","target":["https:\/\/plombier-zone.fr\/index.php\/mentions-legales-plombier-zone-service-pro\/"]}]},{"@type":"ImageObject","inLanguage":"fr-FR","@id":"https:\/\/plombier-zone.fr\/index.php\/mentions-legales-plombier-zone-service-pro\/#primaryimage","url":"https:\/\/plombier-zone.fr\/wp-content\/uploads\/2025\/12\/PLOMBIERZONE.png","contentUrl":"https:\/\/plombier-zone.fr\/wp-content\/uploads\/2025\/12\/PLOMBIERZONE.png","width":500,"height":500,"caption":"Plombier Rouen et alentours, d\u00e9pannage plomberie Rouen"},{"@type":"BreadcrumbList","@id":"https:\/\/plombier-zone.fr\/index.php\/mentions-legales-plombier-zone-service-pro\/#breadcrumb","itemListElement":[{"@type":"ListItem","position":1,"name":"Accueil","item":"https:\/\/plombier-zone.fr\/"},{"@type":"ListItem","position":2,"name":"Mentions l\u00e9gales &#8211; Service pro"}]},{"@type":"WebSite","@id":"https:\/\/plombier-zone.fr\/#website","url":"https:\/\/plombier-zone.fr\/","name":"Plombier Zone","description":"","publisher":{"@id":"https:\/\/plombier-zone.fr\/#organization"},"potentialAction":[{"@type":"SearchAction","target":{"@type":"EntryPoint","urlTemplate":"https:\/\/plombier-zone.fr\/?s={search_term_string}"},"query-input":{"@type":"PropertyValueSpecification","valueRequired":true,"valueName":"search_term_string"}}],"inLanguage":"fr-FR"},{"@type":"Organization","@id":"https:\/\/plombier-zone.fr\/#organization","name":"Plombier Zone","alternateName":"Plombier Zone","url":"https:\/\/plombier-zone.fr\/","logo":{"@type":"ImageObject","inLanguage":"fr-FR","@id":"https:\/\/plombier-zone.fr\/#\/schema\/logo\/image\/","url":"https:\/\/plombier-zone.fr\/wp-content\/uploads\/2025\/12\/cropped-PLOMBIERZONE.png","contentUrl":"https:\/\/plombier-zone.fr\/wp-content\/uploads\/2025\/12\/cropped-PLOMBIERZONE.png","width":512,"height":512,"caption":"Plombier Zone"},"image":{"@id":"https:\/\/plombier-zone.fr\/#\/schema\/logo\/image\/"},"description":"Votre artisan plombier de confiance \u00e0 Rouen et ses alentours, disponible 24\/7 pour tous vos besoins, d\u00e9pannage : fuite d\u2019eau, d\u00e9gorgement, d\u00e9bouchage, r\u00e9paration de canalisation, chauffe-eau, sanitaires, robinetterie et interventions d\u2019urgence. Notre \u00e9quipe intervient rapidement, avec un diagnostic clair, des tarifs transparents et un travail soign\u00e9, garanti et durable. Que ce soit pour une urgence, une r\u00e9paration, une installation ou un d\u00e9pannage, nous assurons un service professionnel et r\u00e9actif, adapt\u00e9 \u00e0 chaque situation. Intervention express, devis gratuit, artisan plombier qualifi\u00e9 et exp\u00e9riment\u00e9.","email":"contact@plombier-zone.fr","telephone":"06 30 18 20 39","legalName":"SERVICE PRO","vatID":"FR63987951613","taxID":"98795161300015"}]}},"_links":{"self":[{"href":"https:\/\/plombier-zone.fr\/index.php\/wp-json\/wp\/v2\/pages\/812","targetHints":{"allow":["GET"]}}],"collection":[{"href":"https:\/\/plombier-zone.fr\/index.php\/wp-json\/wp\/v2\/pages"}],"about":[{"href":"https:\/\/plombier-zone.fr\/index.php\/wp-json\/wp\/v2\/types\/page"}],"author":[{"embeddable":true,"href":"https:\/\/plombier-zone.fr\/index.php\/wp-json\/wp\/v2\/users\/1"}],"replies":[{"embeddable":true,"href":"https:\/\/plombier-zone.fr\/index.php\/wp-json\/wp\/v2\/comments?post=812"}],"version-history":[{"count":34,"href":"https:\/\/plombier-zone.fr\/index.php\/wp-json\/wp\/v2\/pages\/812\/revisions"}],"predecessor-version":[{"id":1079,"href":"https:\/\/plombier-zone.fr\/index.php\/wp-json\/wp\/v2\/pages\/812\/revisions\/1079"}],"wp:attachment":[{"href":"https:\/\/plombier-zone.fr\/index.php\/wp-json\/wp\/v2\/media?parent=812"}],"curies":[{"name":"wp","href":"https:\/\/api.w.org\/{rel}","templated":true}]}}